{"id":2,"date":"2013-05-03T19:00:21","date_gmt":"2013-05-03T19:00:21","guid":{"rendered":"http:\/\/www.rs-offroad.fi\/?page_id=2"},"modified":"2014-01-17T14:24:46","modified_gmt":"2014-01-17T14:24:46","slug":"esimerkkisivu","status":"publish","type":"page","link":"https:\/\/www.rs-offroad.fi\/?page_id=2","title":{"rendered":"Saavutuksia ja muita mainetekoja"},"content":{"rendered":"<p>Kyll\u00e4h\u00e4n niit\u00e4\u00e4 piisaa niin paljon ettei viitsi edes mainita, lukija kyll\u00e4styy sivun 1500 j\u00e4lkeen.<\/p>\n","protected":false},"excerpt":{"rendered":"<p>Kyll\u00e4h\u00e4n niit\u00e4\u00e4 piisaa niin paljon ettei viitsi edes mainita, lukija kyll\u00e4styy sivun 1500 j\u00e4lkeen.<\/p>\n","protected":false},"author":1,"featured_media":0,"parent":0,"menu_order":0,"comment_status":"open","ping_status":"open","template":"","meta":{"footnotes":""},"class_list":["post-2","page","type-page","status-publish","hentry"],"_links":{"self":[{"href":"https:\/\/www.rs-offroad.fi\/index.php?rest_route=\/wp\/v2\/pages\/2","targetHints":{"allow":["GET"]}}],"collection":[{"href":"https:\/\/www.rs-offroad.fi\/index.php?rest_route=\/wp\/v2\/pages"}],"about":[{"href":"https:\/\/www.rs-offroad.fi\/index.php?rest_route=\/wp\/v2\/types\/page"}],"author":[{"embeddable":true,"href":"https:\/\/www.rs-offroad.fi\/index.php?rest_route=\/wp\/v2\/users\/1"}],"replies":[{"embeddable":true,"href":"https:\/\/www.rs-offroad.fi\/index.php?rest_route=%2Fwp%2Fv2%2Fcomments&post=2"}],"version-history":[{"count":2,"href":"https:\/\/www.rs-offroad.fi\/index.php?rest_route=\/wp\/v2\/pages\/2\/revisions"}],"predecessor-version":[{"id":211,"href":"https:\/\/www.rs-offroad.fi\/index.php?rest_route=\/wp\/v2\/pages\/2\/revisions\/211"}],"wp:attachment":[{"href":"https:\/\/www.rs-offroad.fi\/index.php?rest_route=%2Fwp%2Fv2%2Fmedia&parent=2"}],"curies":[{"name":"wp","href":"https:\/\/api.w.org\/{rel}","templated":true}]}}